{"id":2207,"date":"2015-05-29T10:48:31","date_gmt":"2015-05-29T10:48:31","guid":{"rendered":"http:\/\/www.inoxalca.it\/webadmin\/?page_id=2207"},"modified":"2017-01-19T14:54:44","modified_gmt":"2017-01-19T14:54:44","slug":"speciale-torniti","status":"publish","type":"page","link":"https:\/\/www.inoxalca.it\/?page_id=2207","title":{"rendered":"SPECIALE TORNITI"},"content":{"rendered":"<p><strong>Particolari speciali torniti su centro di lavoro a controllo numerico (CN e CNC)<\/strong><\/p>\n<p>Possiamo eseguire particolari su disegno del cliente, lavorazione di elementi che richiedono operazioni di tornitura, fresatura, foratura e maschiatura, su svariati materiali: Ottone, Acciai Inox (410, 430, 303, 304 e 316), Acciai Ferritici (Ferro, AVP, ecc), Alluminio, duplex, superduplex e Materiali Plastici (Derlin, Nylon, ecc.).<\/p>\n<p>Le lavorazioni possono essere fatte da barre (esagonali, tonde o quadrate), indicativamente da \u00d8 3 a \u00d8 75, ma gestiamo altre misure in casi specifici. Indirizziamo la produzione sul tipo di macchina pi\u00f9 adatto, consentendo di ottenere il miglior rapporto qualit\u00e0-prezzo. Le nostre officine dispongono di macchine mono-mandrino, pluri-mandrino e fantine mobili sia con meccanica tradizionale sia a CNC.<\/p>\n<p>Massima seriet\u00e0 aziendale, personale qualificato ed esperienza pluriennale (oltre 40 anni nel settore) sono le caratteristiche per offrirvi solo il meglio.<\/p>\n<p><span class=\"frame alignleft\"><a href=\"http:\/\/www.inoxalca.it\/webadmin\/wp-content\/uploads\/2015\/05\/IMG_0086.jpg\" title=\"\"  rel=\"prettyPhoto[rt_theme_thumb]\" class=\"imgeffect plus\"><img decoding=\"async\" src=\"https:\/\/www.inoxalca.it\/webadmin\/wp-content\/uploads\/2015\/05\/IMG_0086-150x150.jpg\" alt=\"\"  class=\"align\" \/><\/a><\/span><span class=\"frame alignleft\"><a href=\"http:\/\/www.inoxalca.it\/webadmin\/wp-content\/uploads\/2015\/05\/IMG_0146.jpg\" title=\"\"  rel=\"prettyPhoto[rt_theme_thumb]\" class=\"imgeffect plus\"><img decoding=\"async\" src=\"https:\/\/www.inoxalca.it\/webadmin\/wp-content\/uploads\/2015\/05\/IMG_0146-150x150.jpg\" alt=\"\"  class=\"align\" \/><\/a><\/span><span class=\"frame alignleft\"><a href=\"http:\/\/www.inoxalca.it\/webadmin\/wp-content\/uploads\/2015\/05\/IMG_0139.jpg\" title=\"\"  rel=\"prettyPhoto[rt_theme_thumb]\" class=\"imgeffect plus\"><img decoding=\"async\" src=\"https:\/\/www.inoxalca.it\/webadmin\/wp-content\/uploads\/2015\/05\/IMG_0139-150x150.jpg\" alt=\"\"  class=\"align\" \/><\/a><\/span><span class=\"frame alignleft\"><a href=\"http:\/\/www.inoxalca.it\/webadmin\/wp-content\/uploads\/2015\/05\/IMG_0116.jpg\" title=\"\"  rel=\"prettyPhoto[rt_theme_thumb]\" class=\"imgeffect plus\"><img decoding=\"async\" src=\"https:\/\/www.inoxalca.it\/webadmin\/wp-content\/uploads\/2015\/05\/IMG_0116-150x150.jpg\" alt=\"\"  class=\"align\" \/><\/a><\/span><span class=\"frame alignleft\"><a href=\"http:\/\/www.inoxalca.it\/webadmin\/wp-content\/uploads\/2015\/05\/IMG_0098.jpg\" title=\"\"  rel=\"prettyPhoto[rt_theme_thumb]\" class=\"imgeffect plus\"><img decoding=\"async\" src=\"https:\/\/www.inoxalca.it\/webadmin\/wp-content\/uploads\/2015\/05\/IMG_0098-150x150.jpg\" alt=\"\"  class=\"align\" \/><\/a><\/span><span class=\"frame alignleft\"><a href=\"http:\/\/www.inoxalca.it\/webadmin\/wp-content\/uploads\/2015\/05\/IMG_0096.jpg\" title=\"\"  rel=\"prettyPhoto[rt_theme_thumb]\" class=\"imgeffect plus\"><img decoding=\"async\" src=\"https:\/\/www.inoxalca.it\/webadmin\/wp-content\/uploads\/2015\/05\/IMG_0096-150x150.jpg\" alt=\"\"  class=\"align\" \/><\/a><\/span><span class=\"frame alignleft\"><a href=\"http:\/\/www.inoxalca.it\/webadmin\/wp-content\/uploads\/2015\/05\/IMG_0094.jpg\" title=\"\"  rel=\"prettyPhoto[rt_theme_thumb]\" class=\"imgeffect plus\"><img decoding=\"async\" src=\"https:\/\/www.inoxalca.it\/webadmin\/wp-content\/uploads\/2015\/05\/IMG_0094-150x150.jpg\" alt=\"\"  class=\"align\" \/><\/a><\/span><span class=\"frame alignleft\"><a href=\"http:\/\/www.inoxalca.it\/webadmin\/wp-content\/uploads\/2015\/05\/IMG_0075.jpg\" title=\"\"  rel=\"prettyPhoto[rt_theme_thumb]\" class=\"imgeffect plus\"><img decoding=\"async\" src=\"https:\/\/www.inoxalca.it\/webadmin\/wp-content\/uploads\/2015\/05\/IMG_0075-150x150.jpg\" alt=\"\"  class=\"align\" \/><\/a><\/span><span class=\"frame alignleft\"><a href=\"http:\/\/www.inoxalca.it\/webadmin\/wp-content\/uploads\/2015\/05\/20141210_160058.jpg\" title=\"\"  rel=\"prettyPhoto[rt_theme_thumb]\" class=\"imgeffect plus\"><img decoding=\"async\" src=\"https:\/\/www.inoxalca.it\/webadmin\/wp-content\/uploads\/2015\/05\/20141210_160058-150x150.jpg\" alt=\"\"  class=\"align\" \/><\/a><\/span><span class=\"frame alignleft\"><a href=\"http:\/\/www.inoxalca.it\/webadmin\/wp-content\/uploads\/2015\/05\/IMG_0093.jpg\" title=\"\"  rel=\"prettyPhoto[rt_theme_thumb]\" class=\"imgeffect plus\"><img decoding=\"async\" src=\"https:\/\/www.inoxalca.it\/webadmin\/wp-content\/uploads\/2015\/05\/IMG_0093-150x150.jpg\" alt=\"\"  class=\"align\" \/><\/a><\/span><\/p>","protected":false},"excerpt":{"rendered":"<p>Particolari speciali torniti su centro di lavoro a controllo numerico (CN e CNC) Possiamo eseguire particolari su disegno del cliente, lavorazione di elementi che richiedono operazioni di tornitura, fresatura, foratura e maschiatura, su svariati materiali: Ottone, Acciai Inox (410, 430, 303, 304 e 316), Acciai Ferritici (Ferro, AVP, ecc), Alluminio, duplex, superduplex e Materiali Plastici [&hellip;]<\/p>\n","protected":false},"author":1,"featured_media":0,"parent":0,"menu_order":0,"comment_status":"open","ping_status":"open","template":"","meta":{"footnotes":""},"class_list":["post-2207","page","type-page","status-publish","hentry"],"_links":{"self":[{"href":"https:\/\/www.inoxalca.it\/index.php?rest_route=\/wp\/v2\/pages\/2207","targetHints":{"allow":["GET"]}}],"collection":[{"href":"https:\/\/www.inoxalca.it\/index.php?rest_route=\/wp\/v2\/pages"}],"about":[{"href":"https:\/\/www.inoxalca.it\/index.php?rest_route=\/wp\/v2\/types\/page"}],"author":[{"embeddable":true,"href":"https:\/\/www.inoxalca.it\/index.php?rest_route=\/wp\/v2\/users\/1"}],"replies":[{"embeddable":true,"href":"https:\/\/www.inoxalca.it\/index.php?rest_route=%2Fwp%2Fv2%2Fcomments&post=2207"}],"version-history":[{"count":0,"href":"https:\/\/www.inoxalca.it\/index.php?rest_route=\/wp\/v2\/pages\/2207\/revisions"}],"wp:attachment":[{"href":"https:\/\/www.inoxalca.it\/index.php?rest_route=%2Fwp%2Fv2%2Fmedia&parent=2207"}],"curies":[{"name":"wp","href":"https:\/\/api.w.org\/{rel}","templated":true}]}}